{"id":4968,"date":"2018-05-02T12:55:35","date_gmt":"2018-05-02T10:55:35","guid":{"rendered":"https:\/\/www.itech-progress.com\/?page_id=4968"},"modified":"2026-04-20T10:37:52","modified_gmt":"2026-04-20T08:37:52","slug":"datenschutzbelehrung-zur-online-bewerbung","status":"publish","type":"page","link":"https:\/\/www.itech-progress.com\/en\/datenschutzbelehrung-zur-online-bewerbung\/","title":{"rendered":"Datenschutzbelehrung zur Online-Bewerbung"},"content":{"rendered":"<p>[et_pb_section bb_built=&#8221;1&#8243; fullwidth=&#8221;on&#8221; _builder_version=&#8221;3.0.106&#8243; background_image=&#8221;https:\/\/www.itech-progress.com\/wp-content\/uploads\/2018\/01\/balken_unternehmen.jpg&#8221; custom_padding=&#8221;0px|0px|111px|0px&#8221; next_background_color=&#8221;#000000&#8243;][et_pb_fullwidth_post_title meta=&#8221;off&#8221; featured_image=&#8221;off&#8221; _builder_version=&#8221;3.0.106&#8243; title_font=&#8221;||||||||&#8221; title_text_color=&#8221;#ffffff&#8221; title_text_shadow_style=&#8221;preset2&#8243; title_font_size=&#8221;66px&#8221; \/][\/et_pb_section][et_pb_section bb_built=&#8221;1&#8243; _builder_version=&#8221;3.0.47&#8243; prev_background_color=&#8221;#000000&#8243;][et_pb_row _builder_version=&#8221;3.0.47&#8243; background_size=&#8221;initial&#8221; background_position=&#8221;top_left&#8221; background_repeat=&#8221;repeat&#8221;][et_pb_column type=&#8221;4_4&#8243;][et_pb_text _builder_version=&#8221;3.0.47&#8243; background_size=&#8221;initial&#8221; background_position=&#8221;top_left&#8221; background_repeat=&#8221;repeat&#8221;]<\/p>\n<p>Vielen Dank f\u00fcr Ihr Interesse an den Online-Stellenangeboten der ITech Progress GmbH. Der Schutz Ihrer pers\u00f6nlichen Daten ist uns sehr wichtig. Daher m\u00f6chten wir Sie im Folgenden \u00fcber die Erhebung, Verarbeitung und Nutzung Ihrer Daten im Rahmen der Online-Bewerbung, gem\u00e4\u00df den einschl\u00e4gigen Datenschutzvorschriften informieren.<\/p>\n<h4>Datenerhebung<\/h4>\n<p>Durch Ihre Online-Bewerbung werden von uns die folgenden pers\u00f6nlichen Bewerbungsdaten von Ihnen erhoben und verarbeitet:<\/p>\n<ul>\n<li>Vorname \/ Nachname<\/li>\n<li>E-Mail-Adresse<\/li>\n<li>Telefonnummer<\/li>\n<li>Links zu Ihrem Profil (soweit von Ihnen angegeben)<\/li>\n<li>Bewerbungsunterlagen (Anschreiben, Lebenslauf, Zeugnisse, Zertifikate)<\/li>\n<\/ul>\n<h4>Zweck der Datenerfassung \/ Weitergabe<\/h4>\n<p>Ihre Bewerbungsdaten werden ausschlie\u00dflich zum Zwecke der Abwicklung des Bewerbungsverfahrens elektronisch von uns erhoben und verarbeitet. Ist Ihre Bewerbung erfolgreich und erfolgt der Abschluss eines Anstellungsvertrages, k\u00f6nnen Ihre \u00fcbermittelten Daten zum Zwecke des \u00fcblichen Organisations- und Verwaltungsprozesses unter Beachtung der einschl\u00e4gigen rechtlichen Vorschriften von uns in Ihrer Personalakte gespeichert werden.<\/p>\n<p>Eine Nutzung oder Weitergabe Ihrer Bewerbungsdaten an Dritte erfolgt nicht.<\/p>\n<h4>Aufbewahrungsdauer der Bewerbungsdaten<\/h4>\n<p>Bei Zur\u00fcckweisung Ihrer Stellenbewerbung werden Ihre Daten innerhalb von sechs Monaten nach Bekanntgabe der Zur\u00fcckweisung gel\u00f6scht. Dies gilt nicht, wenn aufgrund gesetzlicher Erfordernisse (beispielsweise der Beweispflicht nach dem Allgemeinen Gleichbehandlungsgesetz) eine l\u00e4ngere Speicherung notwendig ist oder wenn Sie einer l\u00e4ngeren Speicherung in unserer Interessenten-Datenbank ausdr\u00fccklich zugestimmt haben.<\/p>\n<h4>Speicherung f\u00fcr zuk\u00fcnftige Stellenausschreibungen<\/h4>\n<p>Sollten wir Ihnen keine aktuell zu besetzende Stelle anbieten k\u00f6nnen, jedoch aufgrund Ihres Profils der Ansicht sein, dass Ihre Bewerbung eventuell f\u00fcr zuk\u00fcnftige Stellenangebote interessant sein k\u00f6nnte, werden wir Ihre pers\u00f6nlichen Bewerbungsdaten zw\u00f6lf Monate lang speichern, sofern Sie einer solchen Speicherungen und Nutzung ausdr\u00fccklich zustimmen.<\/p>\n<h4>Datensicherheit<\/h4>\n<p>Um die im Rahmen Ihrer Bewerbung erhobenen Daten vor unberechtigten Zugriffen und Manipulationen zu sch\u00fctzen, haben wir technische und organisatorische Vorkehrungen getroffen. Insbesondere erfolgt die \u00dcbertragung Ihrer Online-Bewerbung zu uns verschl\u00fcsselt gem\u00e4\u00df dem aktuell anerkannten Stand der Technik.<\/p>\n<h4>Auskunftsrecht, Widerruf und L\u00f6schung<\/h4>\n<p>Sie k\u00f6nnen sich aufgrund des Bundesdatenschutzgesetzes bei Fragen zur Erhebung, Verarbeitung oder Nutzung Ihrer personenbezogenen Daten und deren Berichtigung, Sperrung, L\u00f6schung oder einem Widerruf einer erteilten Einwilligung unentgeltlich an uns wenden. Wir weisen darauf hin, dass Ihnen ein Recht auf Berichtigung falscher Daten oder L\u00f6schung personenbezogener Daten zusteht, sollte diesem Anspruch keine gesetzliche Aufbewahrungspflicht entgegenstehen.<\/p>\n<h4>Allgemeine Datenschutzhinweise<\/h4>\n<p>Bitte beachten Sie auch unsere <a href=\"..\/datenschutzbelehrung\/\">allgemeine Datenschutzbelehrung<\/a> f\u00fcr weitere Informationen im Rahmen der Nutzung unserer Webseite.<\/p>\n<p>[\/et_pb_text][\/et_pb_column][\/et_pb_row][\/et_pb_section]<\/p>\n","protected":false},"excerpt":{"rendered":"<p>Vielen Dank f\u00fcr Ihr Interesse an den Online-Stellenangeboten der ITech Progress GmbH. Der Schutz Ihrer pers\u00f6nlichen Daten ist uns sehr wichtig. Daher m\u00f6chten wir Sie im Folgenden \u00fcber die Erhebung, Verarbeitung und Nutzung Ihrer Daten im Rahmen der Online-Bewerbung, gem\u00e4\u00df den einschl\u00e4gigen Datenschutzvorschriften informieren. Datenerhebung Durch Ihre Online-Bewerbung werden von uns die folgenden pers\u00f6nlichen Bewerbungsdaten [&hellip;]<\/p>\n","protected":false},"author":1,"featured_media":0,"parent":0,"menu_order":0,"comment_status":"closed","ping_status":"closed","template":"","meta":{"_et_pb_use_builder":"on","_et_pb_old_content":"Vielen Dank f\u00fcr Ihr Interesse an den Online-Stellenangeboten der ITech Progress GmbH. Der Schutz Ihrer pers\u00f6nlichen Daten ist uns sehr wichtig. Daher m\u00f6chten wir Sie im Folgenden \u00fcber die Erhebung, Verarbeitung und Nutzung Ihrer Daten im Rahmen der Online-Bewerbung, gem\u00e4\u00df den einschl\u00e4gigen Datenschutzvorschriften informieren.\r\n\r\n<h4>Datenerhebung<\/h4>\r\nDurch Ihre Online-Bewerbung werden von uns die folgenden pers\u00f6nlichen Bewerbungsdaten von Ihnen erhoben und verarbeitet:\r\n\r\n<ul>\r\n<li>Vorname \/ Nachname<\/li>\r\n<li>E-Mail-Adresse<\/li>\r\n<li>Telefonnummer<\/li>\r\n<li>Links zu Ihrem Profil (soweit von Ihnen angegeben)<\/li>\r\n<li>Bewerbungsunterlagen (Anschreiben, Lebenslauf, Zeugnisse, Zertifikate)<\/li>\r\n<\/ul>\r\n\r\n<h4>Zweck der Datenerfassung \/ Weitergabe<\/h4>\r\nIhre Bewerbungsdaten werden ausschlie\u00dflich zum Zwecke der Abwicklung des Bewerbungsverfahrens elektronisch von uns erhoben und verarbeitet. Ist Ihre Bewerbung erfolgreich und erfolgt der Abschluss eines Anstellungsvertrages, k\u00f6nnen Ihre \u00fcbermittelten Daten zum Zwecke des \u00fcblichen Organisations- und Verwaltungsprozesses unter Beachtung der einschl\u00e4gigen rechtlichen Vorschriften von uns in Ihrer Personalakte gespeichert werden.\r\n\r\nEine Nutzung oder Weitergabe Ihrer Bewerbungsdaten an Dritte erfolgt nicht.\r\n\r\n<h4>Aufbewahrungsdauer der Bewerbungsdaten<\/h4>\r\nBei Zur\u00fcckweisung Ihrer Stellenbewerbung werden Ihre Daten innerhalb von sechs Monaten nach Bekanntgabe der Zur\u00fcckweisung gel\u00f6scht. Dies gilt nicht, wenn aufgrund gesetzlicher Erfordernisse (beispielsweise der Beweispflicht nach dem Allgemeinen Gleichbehandlungsgesetz) eine l\u00e4ngere Speicherung notwendig ist oder wenn Sie einer l\u00e4ngeren Speicherung in unserer Interessenten-Datenbank ausdr\u00fccklich zugestimmt haben.\r\n\r\n<h4>Speicherung f\u00fcr zuk\u00fcnftige Stellenausschreibungen<\/h4>\r\nSollten wir Ihnen keine aktuell zu besetzende Stelle anbieten k\u00f6nnen, jedoch aufgrund Ihres Profils der Ansicht sein, dass Ihre Bewerbung eventuell f\u00fcr zuk\u00fcnftige Stellenangebote interessant sein k\u00f6nnte, werden wir Ihre pers\u00f6nlichen Bewerbungsdaten zw\u00f6lf Monate lang speichern, sofern Sie einer solchen Speicherungen und Nutzung ausdr\u00fccklich zustimmen.\r\n\r\n<h4>Datensicherheit<\/h4>\r\nUm die im Rahmen Ihrer Bewerbung erhobenen Daten vor unberechtigten Zugriffen und Manipulationen zu sch\u00fctzen, haben wir technische und organisatorische Vorkehrungen getroffen. Insbesondere erfolgt die \u00dcbertragung Ihrer Online-Bewerbung zu uns verschl\u00fcsselt gem\u00e4\u00df dem aktuell anerkannten Stand der Technik.\r\n\r\n<h4>Auskunftsrecht, Widerruf und L\u00f6schung<\/h4>\r\nSie k\u00f6nnen sich aufgrund des Bundesdatenschutzgesetzes bei Fragen zur Erhebung, Verarbeitung oder Nutzung Ihrer personenbezogenen Daten und deren Berichtigung, Sperrung, L\u00f6schung oder einem Widerruf einer erteilten Einwilligung unentgeltlich an uns wenden. Wir weisen darauf hin, dass Ihnen ein Recht auf Berichtigung falscher Daten oder L\u00f6schung personenbezogener Daten zusteht, sollte diesem Anspruch keine gesetzliche Aufbewahrungspflicht entgegenstehen.\r\n\r\n<h4>Allgemeine Datenschutzhinweise<\/h4>\r\nBitte beachten Sie auch unsere allgemeine Datenschutzbelehrung f\u00fcr weitere Informationen im Rahmen der Nutzung unserer Webseite.","_et_gb_content_width":"","footnotes":""},"class_list":["post-4968","page","type-page","status-publish","hentry"],"yoast_head":"<!-- This site is optimized with the Yoast SEO plugin v27.5 - https:\/\/yoast.com\/product\/yoast-seo-wordpress\/ -->\n<title>Datenschutzbelehrung<\/title>\n<meta name=\"description\" content=\"Datenschutzbelehrung zur Online\u2011Bewerbung mit Informationen zur Verarbeitung, Speicherung und zum Schutz Ihrer Bewerberdaten.\" \/>\n<meta name=\"robots\" content=\"index, follow, max-snippet:-1, max-image-preview:large, max-video-preview:-1\" \/>\n<link rel=\"canonical\" href=\"https:\/\/www.itech-progress.com\/en\/datenschutzbelehrung-zur-online-bewerbung\/\" \/>\n<meta property=\"og:locale\" content=\"en_US\" \/>\n<meta property=\"og:type\" content=\"article\" \/>\n<meta property=\"og:title\" content=\"Datenschutzbelehrung\" \/>\n<meta property=\"og:description\" content=\"Datenschutzbelehrung zur Online\u2011Bewerbung mit Informationen zur Verarbeitung, Speicherung und zum Schutz Ihrer Bewerberdaten.\" \/>\n<meta property=\"og:url\" content=\"https:\/\/www.itech-progress.com\/en\/datenschutzbelehrung-zur-online-bewerbung\/\" \/>\n<meta property=\"og:site_name\" content=\"itech-progress.com\" \/>\n<meta property=\"article:publisher\" content=\"https:\/\/www.facebook.com\/ITech-Progress-GmbH-189935161030876\/\" \/>\n<meta property=\"article:modified_time\" content=\"2026-04-20T08:37:52+00:00\" \/>\n<meta property=\"og:image\" content=\"https:\/\/www.itech-progress.com\/wp-content\/uploads\/2022\/01\/ITech_Logo_300dpi.png\" \/>\n\t<meta property=\"og:image:width\" content=\"1244\" \/>\n\t<meta property=\"og:image:height\" content=\"249\" \/>\n\t<meta property=\"og:image:type\" content=\"image\/png\" \/>\n<meta name=\"twitter:card\" content=\"summary_large_image\" \/>\n<meta name=\"twitter:site\" content=\"@ITechProgress\" \/>\n<meta name=\"twitter:label1\" content=\"Est. reading time\" \/>\n\t<meta name=\"twitter:data1\" content=\"2 minutes\" \/>\n<script type=\"application\/ld+json\" class=\"yoast-schema-graph\">{\"@context\":\"https:\\\/\\\/schema.org\",\"@graph\":[{\"@type\":\"WebPage\",\"@id\":\"https:\\\/\\\/www.itech-progress.com\\\/en\\\/datenschutzbelehrung-zur-online-bewerbung\\\/\",\"url\":\"https:\\\/\\\/www.itech-progress.com\\\/en\\\/datenschutzbelehrung-zur-online-bewerbung\\\/\",\"name\":\"Datenschutzbelehrung\",\"isPartOf\":{\"@id\":\"https:\\\/\\\/www.itech-progress.com\\\/en\\\/#website\"},\"datePublished\":\"2018-05-02T10:55:35+00:00\",\"dateModified\":\"2026-04-20T08:37:52+00:00\",\"description\":\"Datenschutzbelehrung zur Online\u2011Bewerbung mit Informationen zur Verarbeitung, Speicherung und zum Schutz Ihrer Bewerberdaten.\",\"breadcrumb\":{\"@id\":\"https:\\\/\\\/www.itech-progress.com\\\/en\\\/datenschutzbelehrung-zur-online-bewerbung\\\/#breadcrumb\"},\"inLanguage\":\"en-US\",\"potentialAction\":[{\"@type\":\"ReadAction\",\"target\":[\"https:\\\/\\\/www.itech-progress.com\\\/en\\\/datenschutzbelehrung-zur-online-bewerbung\\\/\"]}]},{\"@type\":\"BreadcrumbList\",\"@id\":\"https:\\\/\\\/www.itech-progress.com\\\/en\\\/datenschutzbelehrung-zur-online-bewerbung\\\/#breadcrumb\",\"itemListElement\":[{\"@type\":\"ListItem\",\"position\":1,\"name\":\"Start\",\"item\":\"https:\\\/\\\/www.itech-progress.com\\\/en\\\/\"},{\"@type\":\"ListItem\",\"position\":2,\"name\":\"Datenschutzbelehrung zur Online-Bewerbung\"}]},{\"@type\":\"WebSite\",\"@id\":\"https:\\\/\\\/www.itech-progress.com\\\/en\\\/#website\",\"url\":\"https:\\\/\\\/www.itech-progress.com\\\/en\\\/\",\"name\":\"itech-progress.com\",\"description\":\"IT-Consulting und zertifizierte iSAQB Softwarearchitektur Schulungen\",\"publisher\":{\"@id\":\"https:\\\/\\\/www.itech-progress.com\\\/en\\\/#organization\"},\"potentialAction\":[{\"@type\":\"SearchAction\",\"target\":{\"@type\":\"EntryPoint\",\"urlTemplate\":\"https:\\\/\\\/www.itech-progress.com\\\/en\\\/?s={search_term_string}\"},\"query-input\":{\"@type\":\"PropertyValueSpecification\",\"valueRequired\":true,\"valueName\":\"search_term_string\"}}],\"inLanguage\":\"en-US\"},{\"@type\":\"Organization\",\"@id\":\"https:\\\/\\\/www.itech-progress.com\\\/en\\\/#organization\",\"name\":\"itech-progress.com\",\"url\":\"https:\\\/\\\/www.itech-progress.com\\\/en\\\/\",\"logo\":{\"@type\":\"ImageObject\",\"inLanguage\":\"en-US\",\"@id\":\"https:\\\/\\\/www.itech-progress.com\\\/en\\\/#\\\/schema\\\/logo\\\/image\\\/\",\"url\":\"https:\\\/\\\/www.itech-progress.com\\\/wp-content\\\/uploads\\\/2022\\\/01\\\/ITech_Logo_300dpi.png\",\"contentUrl\":\"https:\\\/\\\/www.itech-progress.com\\\/wp-content\\\/uploads\\\/2022\\\/01\\\/ITech_Logo_300dpi.png\",\"width\":1244,\"height\":249,\"caption\":\"itech-progress.com\"},\"image\":{\"@id\":\"https:\\\/\\\/www.itech-progress.com\\\/en\\\/#\\\/schema\\\/logo\\\/image\\\/\"},\"sameAs\":[\"https:\\\/\\\/www.facebook.com\\\/ITech-Progress-GmbH-189935161030876\\\/\",\"https:\\\/\\\/x.com\\\/ITechProgress\"]}]}<\/script>\n<!-- \/ Yoast SEO plugin. -->","yoast_head_json":{"title":"Datenschutzbelehrung","description":"Datenschutzbelehrung zur Online\u2011Bewerbung mit Informationen zur Verarbeitung, Speicherung und zum Schutz Ihrer Bewerberdaten.","robots":{"index":"index","follow":"follow","max-snippet":"max-snippet:-1","max-image-preview":"max-image-preview:large","max-video-preview":"max-video-preview:-1"},"canonical":"https:\/\/www.itech-progress.com\/en\/datenschutzbelehrung-zur-online-bewerbung\/","og_locale":"en_US","og_type":"article","og_title":"Datenschutzbelehrung","og_description":"Datenschutzbelehrung zur Online\u2011Bewerbung mit Informationen zur Verarbeitung, Speicherung und zum Schutz Ihrer Bewerberdaten.","og_url":"https:\/\/www.itech-progress.com\/en\/datenschutzbelehrung-zur-online-bewerbung\/","og_site_name":"itech-progress.com","article_publisher":"https:\/\/www.facebook.com\/ITech-Progress-GmbH-189935161030876\/","article_modified_time":"2026-04-20T08:37:52+00:00","og_image":[{"width":1244,"height":249,"url":"https:\/\/www.itech-progress.com\/wp-content\/uploads\/2022\/01\/ITech_Logo_300dpi.png","type":"image\/png"}],"twitter_card":"summary_large_image","twitter_site":"@ITechProgress","twitter_misc":{"Est. reading time":"2 minutes"},"schema":{"@context":"https:\/\/schema.org","@graph":[{"@type":"WebPage","@id":"https:\/\/www.itech-progress.com\/en\/datenschutzbelehrung-zur-online-bewerbung\/","url":"https:\/\/www.itech-progress.com\/en\/datenschutzbelehrung-zur-online-bewerbung\/","name":"Datenschutzbelehrung","isPartOf":{"@id":"https:\/\/www.itech-progress.com\/en\/#website"},"datePublished":"2018-05-02T10:55:35+00:00","dateModified":"2026-04-20T08:37:52+00:00","description":"Datenschutzbelehrung zur Online\u2011Bewerbung mit Informationen zur Verarbeitung, Speicherung und zum Schutz Ihrer Bewerberdaten.","breadcrumb":{"@id":"https:\/\/www.itech-progress.com\/en\/datenschutzbelehrung-zur-online-bewerbung\/#breadcrumb"},"inLanguage":"en-US","potentialAction":[{"@type":"ReadAction","target":["https:\/\/www.itech-progress.com\/en\/datenschutzbelehrung-zur-online-bewerbung\/"]}]},{"@type":"BreadcrumbList","@id":"https:\/\/www.itech-progress.com\/en\/datenschutzbelehrung-zur-online-bewerbung\/#breadcrumb","itemListElement":[{"@type":"ListItem","position":1,"name":"Start","item":"https:\/\/www.itech-progress.com\/en\/"},{"@type":"ListItem","position":2,"name":"Datenschutzbelehrung zur Online-Bewerbung"}]},{"@type":"WebSite","@id":"https:\/\/www.itech-progress.com\/en\/#website","url":"https:\/\/www.itech-progress.com\/en\/","name":"itech-progress.com","description":"IT-Consulting und zertifizierte iSAQB Softwarearchitektur Schulungen","publisher":{"@id":"https:\/\/www.itech-progress.com\/en\/#organization"},"potentialAction":[{"@type":"SearchAction","target":{"@type":"EntryPoint","urlTemplate":"https:\/\/www.itech-progress.com\/en\/?s={search_term_string}"},"query-input":{"@type":"PropertyValueSpecification","valueRequired":true,"valueName":"search_term_string"}}],"inLanguage":"en-US"},{"@type":"Organization","@id":"https:\/\/www.itech-progress.com\/en\/#organization","name":"itech-progress.com","url":"https:\/\/www.itech-progress.com\/en\/","logo":{"@type":"ImageObject","inLanguage":"en-US","@id":"https:\/\/www.itech-progress.com\/en\/#\/schema\/logo\/image\/","url":"https:\/\/www.itech-progress.com\/wp-content\/uploads\/2022\/01\/ITech_Logo_300dpi.png","contentUrl":"https:\/\/www.itech-progress.com\/wp-content\/uploads\/2022\/01\/ITech_Logo_300dpi.png","width":1244,"height":249,"caption":"itech-progress.com"},"image":{"@id":"https:\/\/www.itech-progress.com\/en\/#\/schema\/logo\/image\/"},"sameAs":["https:\/\/www.facebook.com\/ITech-Progress-GmbH-189935161030876\/","https:\/\/x.com\/ITechProgress"]}]}},"_links":{"self":[{"href":"https:\/\/www.itech-progress.com\/en\/wp-json\/wp\/v2\/pages\/4968","targetHints":{"allow":["GET"]}}],"collection":[{"href":"https:\/\/www.itech-progress.com\/en\/wp-json\/wp\/v2\/pages"}],"about":[{"href":"https:\/\/www.itech-progress.com\/en\/wp-json\/wp\/v2\/types\/page"}],"author":[{"embeddable":true,"href":"https:\/\/www.itech-progress.com\/en\/wp-json\/wp\/v2\/users\/1"}],"replies":[{"embeddable":true,"href":"https:\/\/www.itech-progress.com\/en\/wp-json\/wp\/v2\/comments?post=4968"}],"version-history":[{"count":4,"href":"https:\/\/www.itech-progress.com\/en\/wp-json\/wp\/v2\/pages\/4968\/revisions"}],"predecessor-version":[{"id":54088,"href":"https:\/\/www.itech-progress.com\/en\/wp-json\/wp\/v2\/pages\/4968\/revisions\/54088"}],"wp:attachment":[{"href":"https:\/\/www.itech-progress.com\/en\/wp-json\/wp\/v2\/media?parent=4968"}],"curies":[{"name":"wp","href":"https:\/\/api.w.org\/{rel}","templated":true}]}}