{"id":49853,"date":"2025-08-11T09:30:02","date_gmt":"2025-08-11T07:30:02","guid":{"rendered":"https:\/\/www.itech-progress.com\/?post_type=product&#038;p=49853"},"modified":"2026-04-15T11:22:20","modified_gmt":"2026-04-15T09:22:20","slug":"isaqb-cpsa-a-advanced-level-soft-10-12-nov-2026-duesseldorf-german","status":"publish","type":"product","link":"https:\/\/www.itech-progress.com\/en\/produkt\/isaqb-cpsa-a-advanced-level-soft-10-12-nov-2026-duesseldorf-german\/","title":{"rendered":"iSAQB CPSA-A | Advanced Level | SOFT | 10. &#8211; 12. Nov 2026 | D\u00fcsseldorf | German"},"content":{"rendered":"","protected":false},"excerpt":{"rendered":"<p><strong>Bring a colleague and save!<\/strong><br \/>\nUnlock your <strong>Team Discount starting with 2 participants from the same company!<\/strong><\/p>\n<p><a style=\"display: inline-block; padding: 10px 20px; font-size: 16px; font-weight: bold; color: #ffffff; background-color: #ff7f00; text-decoration: none; border-radius: 5px;\" href=\"https:\/\/www.itech-progress.com\/en\/contact\/\" target=\"_blank\" rel=\"noopener\">Contact us now!<\/a><\/p>\n<p><strong>Language: <\/strong>German<\/p>\n<p><strong>Duration:<\/strong> 3 Days<\/p>\n<p><strong>Location:<\/strong> D\u00fcsseldorf <a href=\"https:\/\/www.seminar.haus\/\">SEMINAR.HAUS<\/a> D\u00fcsseldorf Brehmstra\u00dfe 3 | 40239 D\u00fcsseldorf<\/p>\n<p><strong>Date:<\/strong> 10. &#8211; 12. Nov 2026<\/p>\n<p><strong>Level:<\/strong> iSAQB CPSA Advanced<\/p>\n","protected":false},"featured_media":17922,"template":"","meta":{"_et_pb_use_builder":"","_et_pb_old_content":"","_et_gb_content_width":""},"product_brand":[],"product_cat":[567,708,740,779],"product_tag":[],"class_list":{"0":"post-49853","1":"product","2":"type-product","3":"status-publish","4":"has-post-thumbnail","6":"product_cat-isaqb-cpsa-advanced-level","7":"product_cat-presence-training-courses","8":"product_cat-isaqb-soft-en","9":"product_cat-prasent-nov-2026-en","11":"first","12":"instock","13":"sale","14":"virtual","15":"taxable","16":"purchasable","17":"product-type-simple"},"_links":{"self":[{"href":"https:\/\/www.itech-progress.com\/en\/wp-json\/wp\/v2\/product\/49853","targetHints":{"allow":["GET"]}}],"collection":[{"href":"https:\/\/www.itech-progress.com\/en\/wp-json\/wp\/v2\/product"}],"about":[{"href":"https:\/\/www.itech-progress.com\/en\/wp-json\/wp\/v2\/types\/product"}],"wp:featuredmedia":[{"embeddable":true,"href":"https:\/\/www.itech-progress.com\/en\/wp-json\/wp\/v2\/media\/17922"}],"wp:attachment":[{"href":"https:\/\/www.itech-progress.com\/en\/wp-json\/wp\/v2\/media?parent=49853"}],"wp:term":[{"taxonomy":"product_brand","embeddable":true,"href":"https:\/\/www.itech-progress.com\/en\/wp-json\/wp\/v2\/product_brand?post=49853"},{"taxonomy":"product_cat","embeddable":true,"href":"https:\/\/www.itech-progress.com\/en\/wp-json\/wp\/v2\/product_cat?post=49853"},{"taxonomy":"product_tag","embeddable":true,"href":"https:\/\/www.itech-progress.com\/en\/wp-json\/wp\/v2\/product_tag?post=49853"}],"curies":[{"name":"wp","href":"https:\/\/api.w.org\/{rel}","templated":true}]}}